{"id":46,"date":"2023-06-19T10:02:52","date_gmt":"2023-06-19T08:02:52","guid":{"rendered":"https:\/\/jeuxduversoud.fr\/?page_id=46"},"modified":"2023-09-04T15:44:24","modified_gmt":"2023-09-04T13:44:24","slug":"introduction","status":"publish","type":"page","link":"https:\/\/jeuxduversoud.fr\/","title":{"rendered":"D\u00c9PART"},"content":{"rendered":"<div class=\"wp-block-image\">\n<figure class=\"aligncenter size-large is-resized\"><img loading=\"lazy\" decoding=\"async\" src=\"http:\/\/jeuxduversoud.fr\/wp-content\/uploads\/2023\/06\/frise1-1024x25.png\" alt=\"\" class=\"wp-image-28\" style=\"width:512px;height:13px\" width=\"512\" height=\"13\" srcset=\"https:\/\/jeuxduversoud.fr\/wp-content\/uploads\/2023\/06\/frise1-1024x25.png 1024w, https:\/\/jeuxduversoud.fr\/wp-content\/uploads\/2023\/06\/frise1-300x7.png 300w, https:\/\/jeuxduversoud.fr\/wp-content\/uploads\/2023\/06\/frise1-768x19.png 768w, https:\/\/jeuxduversoud.fr\/wp-content\/uploads\/2023\/06\/frise1-1536x38.png 1536w, https:\/\/jeuxduversoud.fr\/wp-content\/uploads\/2023\/06\/frise1-2048x50.png 2048w, https:\/\/jeuxduversoud.fr\/wp-content\/uploads\/2023\/06\/frise1-421x10.png 421w\" sizes=\"auto, (max-width: 512px) 100vw, 512px\" \/><\/figure>\n<\/div>\n\n<div class=\"wp-block-image\">\n<figure class=\"aligncenter size-large\"><img loading=\"lazy\" decoding=\"async\" width=\"1024\" height=\"291\" src=\"https:\/\/jeuxduversoud.fr\/wp-content\/uploads\/2023\/06\/recherche-devise-1024x291.png\" alt=\"\" class=\"wp-image-64\" srcset=\"https:\/\/jeuxduversoud.fr\/wp-content\/uploads\/2023\/06\/recherche-devise-1024x291.png 1024w, https:\/\/jeuxduversoud.fr\/wp-content\/uploads\/2023\/06\/recherche-devise-300x85.png 300w, https:\/\/jeuxduversoud.fr\/wp-content\/uploads\/2023\/06\/recherche-devise-768x219.png 768w, https:\/\/jeuxduversoud.fr\/wp-content\/uploads\/2023\/06\/recherche-devise-583x166.png 583w, https:\/\/jeuxduversoud.fr\/wp-content\/uploads\/2023\/06\/recherche-devise.png 1356w\" sizes=\"auto, (max-width: 1024px) 100vw, 1024px\" \/><\/figure>\n<\/div>\n\n<div class=\"wp-block-image\">\n<figure class=\"aligncenter size-large is-resized\"><img loading=\"lazy\" decoding=\"async\" src=\"http:\/\/jeuxduversoud.fr\/wp-content\/uploads\/2023\/06\/frise1-1024x25.png\" alt=\"\" class=\"wp-image-28\" style=\"width:512px;height:13px\" width=\"512\" height=\"13\" srcset=\"https:\/\/jeuxduversoud.fr\/wp-content\/uploads\/2023\/06\/frise1-1024x25.png 1024w, https:\/\/jeuxduversoud.fr\/wp-content\/uploads\/2023\/06\/frise1-300x7.png 300w, https:\/\/jeuxduversoud.fr\/wp-content\/uploads\/2023\/06\/frise1-768x19.png 768w, https:\/\/jeuxduversoud.fr\/wp-content\/uploads\/2023\/06\/frise1-1536x38.png 1536w, https:\/\/jeuxduversoud.fr\/wp-content\/uploads\/2023\/06\/frise1-2048x50.png 2048w, https:\/\/jeuxduversoud.fr\/wp-content\/uploads\/2023\/06\/frise1-421x10.png 421w\" sizes=\"auto, (max-width: 512px) 100vw, 512px\" \/><\/figure>\n<\/div>\n\n\n<p class=\"has-text-align-center\"><strong>RETROUVEZ LA DEVISE D\u2019HUGUES Ier DE COMMIERS, CHEVALIER DE LA TOUR D\u2019ESTAPES<\/strong><\/p>\n\n\n\n<div class=\"wp-block-columns is-layout-flex wp-container-core-columns-is-layout-9d6595d7 wp-block-columns-is-layout-flex\">\n<div class=\"wp-block-column is-layout-flow wp-block-column-is-layout-flow\">\n<p><\/p>\n\n\n\n<p><strong>L<\/strong><em><strong>e 10 d\u00e9cembre 1333, dans le froid de la tour d\u2019Estapes au Versoud, le chevalier Hugues Ier de Commiers explique \u00e0 son fid\u00e8le cavalier son souhait de prot\u00e9ger sa devise pour qu\u2019elle reste \u00e0 jamais dans la m\u00e9moire. Seul le questeur rus\u00e9 pourra r\u00e9soudre \u00e9nigmes et pi\u00e8ges.\u00a0<\/strong><\/em><\/p>\n<\/div>\n<\/div>\n\n\n\n<figure class=\"wp-block-video\"><video height=\"1080\" style=\"aspect-ratio: 1920 \/ 1080;\" width=\"1920\" controls poster=\"http:\/\/jeuxduversoud.fr\/wp-content\/uploads\/2023\/06\/intro-video.jpg\" src=\"https:\/\/jeuxduversoud.fr\/wp-content\/uploads\/2023\/06\/tour-estapes1.mp4\"><\/video><\/figure>\n\n\n<div class=\"wp-block-image\">\n<figure class=\"aligncenter size-large is-resized\"><img loading=\"lazy\" decoding=\"async\" src=\"http:\/\/jeuxduversoud.fr\/wp-content\/uploads\/2023\/06\/frise1-1024x25.png\" alt=\"\" class=\"wp-image-28\" style=\"width:512px;height:13px\" width=\"512\" height=\"13\" srcset=\"https:\/\/jeuxduversoud.fr\/wp-content\/uploads\/2023\/06\/frise1-1024x25.png 1024w, https:\/\/jeuxduversoud.fr\/wp-content\/uploads\/2023\/06\/frise1-300x7.png 300w, https:\/\/jeuxduversoud.fr\/wp-content\/uploads\/2023\/06\/frise1-768x19.png 768w, https:\/\/jeuxduversoud.fr\/wp-content\/uploads\/2023\/06\/frise1-1536x38.png 1536w, https:\/\/jeuxduversoud.fr\/wp-content\/uploads\/2023\/06\/frise1-2048x50.png 2048w, https:\/\/jeuxduversoud.fr\/wp-content\/uploads\/2023\/06\/frise1-421x10.png 421w\" sizes=\"auto, (max-width: 512px) 100vw, 512px\" \/><\/figure>\n<\/div>\n\n\n<div style=\"height:45px\" aria-hidden=\"true\" class=\"wp-block-spacer\"><\/div>\n\n\n\n<div class=\"wp-block-buttons alignwide is-content-justification-center is-layout-flex wp-container-core-buttons-is-layout-16018d1d wp-block-buttons-is-layout-flex\">\n<div class=\"wp-block-button\"><a class=\"wp-block-button__link wp-element-button\" href=\"https:\/\/jeuxduversoud.fr\/index.php\/enigme-1\">PR\u00caT \u00c0 JOUER ?<\/a><\/div>\n<\/div>\n","protected":false},"excerpt":{"rendered":"<p>RETROUVEZ LA DEVISE D\u2019HUGUES Ier DE COMMIERS, CHEVALIER DE LA TOUR D\u2019ESTAPES Le 10 d\u00e9cembre 1333, dans le froid de la tour d\u2019Estapes au Versoud, &hellip;<\/p>\n","protected":false},"author":1,"featured_media":0,"parent":0,"menu_order":0,"comment_status":"closed","ping_status":"closed","template":"","meta":{"footnotes":""},"class_list":["post-46","page","type-page","status-publish","hentry"],"_links":{"self":[{"href":"https:\/\/jeuxduversoud.fr\/index.php\/wp-json\/wp\/v2\/pages\/46","targetHints":{"allow":["GET"]}}],"collection":[{"href":"https:\/\/jeuxduversoud.fr\/index.php\/wp-json\/wp\/v2\/pages"}],"about":[{"href":"https:\/\/jeuxduversoud.fr\/index.php\/wp-json\/wp\/v2\/types\/page"}],"author":[{"embeddable":true,"href":"https:\/\/jeuxduversoud.fr\/index.php\/wp-json\/wp\/v2\/users\/1"}],"replies":[{"embeddable":true,"href":"https:\/\/jeuxduversoud.fr\/index.php\/wp-json\/wp\/v2\/comments?post=46"}],"version-history":[{"count":13,"href":"https:\/\/jeuxduversoud.fr\/index.php\/wp-json\/wp\/v2\/pages\/46\/revisions"}],"predecessor-version":[{"id":201,"href":"https:\/\/jeuxduversoud.fr\/index.php\/wp-json\/wp\/v2\/pages\/46\/revisions\/201"}],"wp:attachment":[{"href":"https:\/\/jeuxduversoud.fr\/index.php\/wp-json\/wp\/v2\/media?parent=46"}],"curies":[{"name":"wp","href":"https:\/\/api.w.org\/{rel}","templated":true}]}}